{"id":30989,"date":"2022-08-29T10:52:46","date_gmt":"2022-08-29T08:52:46","guid":{"rendered":"https:\/\/sigletos.gr\/?post_type=product&#038;p=30989"},"modified":"2025-06-10T09:22:28","modified_gmt":"2025-06-10T06:22:28","slug":"%ce%b5%cf%80%ce%b9%cf%86%ce%ac%ce%bd%ce%b5%ce%b9%ce%b5%cf%82-brilliant-matt-12-%cf%8c%cf%88%ce%b5%cf%89%ce%bd-rauvisio-noir","status":"publish","type":"product","link":"https:\/\/sigletos.gr\/it\/prodotto\/%ce%b5%cf%80%ce%b9%cf%86%ce%ac%ce%bd%ce%b5%ce%b9%ce%b5%cf%82-brilliant-matt-12-%cf%8c%cf%88%ce%b5%cf%89%ce%bd-rauvisio-noir\/","title":{"rendered":"RAUVISIO noir brillante opaco superfici 1 e 2 lati"},"content":{"rendered":"<p>\u0395\u03c0\u03b9\u03c6\u03ac\u03bd\u03b5\u03b9\u03b5\u03c2 brilliant matt 2 \u03cc\u03c8\u03b5\u03c9\u03bd \u03bc\u03b5 \u03c0\u03c5\u03c1\u03ae\u03bd\u03b1 mdf, \u03b4\u03b9\u03b1\u03c3\u03c4\u03ac\u03c3\u03b5\u03c9\u03bd 2.800&#215;1.300x19mm<\/p>\n<p>&nbsp;<\/p>\n<p>\u0395\u03c0\u03b9\u03c6\u03ac\u03bd\u03b5\u03b9\u03b5\u03c2 brilliant matt 1 \u03cc\u03c8\u03b7\u03c2, \u03bc\u03b5 balance \u03c0\u03bf\u03bb\u03c5\u03c3\u03c4\u03b5\u03c1\u03cc\u03bb\u03b7\u03c2 \u03c3\u03c4\u03bf \u03af\u03b4\u03b9\u03bf \u03c7\u03c1\u03ce\u03bc\u03b1, \u03bc\u03b5 \u03c0\u03c5\u03c1\u03ae\u03bd\u03b1 mdf, \u03b4\u03b9\u03b1\u03c3\u03c4\u03ac\u03c3\u03b5\u03c9\u03bd 2.800&#215;1.300x19mm<\/p>","protected":false},"excerpt":{"rendered":"<p>RAUVISIO noir, con la sua finitura setosa, d\u00e0 vita alle superfici e crea il perfetto equilibrio tra design e funzionalit\u00e0. Le tonalit\u00e0 di antracite scuro, bianco, blu oceano e smeraldo stimolano i sensi e l&#039;immaginazione. RAUVISIO noir, nella sua migliore qualit\u00e0, \u00e8 ideale per applicazioni orizzontali e verticali, ad esempio sui piani di lavoro.<\/p>","protected":false},"featured_media":30990,"comment_status":"closed","ping_status":"closed","template":"","meta":[],"product_brand":[],"product_cat":[1883],"product_tag":[],"class_list":{"0":"post-30989","1":"product","2":"type-product","3":"status-publish","4":"has-post-thumbnail","6":"product_cat-1883","7":"pa_brand-rehau","8":"pa_color-after-dark","9":"pa_color-boxcar-blonde","10":"pa_color-capital-starlit","11":"pa_color-casa-blanca","12":"pa_color-gaslit-alley","13":"pa_color-high-low","14":"pa_color-maltese-mist","15":"pa_color-midnight-dash","16":"pa_color-olive-detour","17":"pa_color-silver-lake","18":"pa_color-smoke-stack","19":"pa_color-trench-coat","21":"first","22":"instock","23":"taxable","24":"shipping-taxable","25":"product-type-simple"},"_links":{"self":[{"href":"https:\/\/sigletos.gr\/it\/wp-json\/wp\/v2\/product\/30989","targetHints":{"allow":["GET"]}}],"collection":[{"href":"https:\/\/sigletos.gr\/it\/wp-json\/wp\/v2\/product"}],"about":[{"href":"https:\/\/sigletos.gr\/it\/wp-json\/wp\/v2\/types\/product"}],"replies":[{"embeddable":true,"href":"https:\/\/sigletos.gr\/it\/wp-json\/wp\/v2\/comments?post=30989"}],"version-history":[{"count":1,"href":"https:\/\/sigletos.gr\/it\/wp-json\/wp\/v2\/product\/30989\/revisions"}],"predecessor-version":[{"id":36460,"href":"https:\/\/sigletos.gr\/it\/wp-json\/wp\/v2\/product\/30989\/revisions\/36460"}],"wp:featuredmedia":[{"embeddable":true,"href":"https:\/\/sigletos.gr\/it\/wp-json\/wp\/v2\/media\/30990"}],"wp:attachment":[{"href":"https:\/\/sigletos.gr\/it\/wp-json\/wp\/v2\/media?parent=30989"}],"wp:term":[{"taxonomy":"product_brand","embeddable":true,"href":"https:\/\/sigletos.gr\/it\/wp-json\/wp\/v2\/product_brand?post=30989"},{"taxonomy":"product_cat","embeddable":true,"href":"https:\/\/sigletos.gr\/it\/wp-json\/wp\/v2\/product_cat?post=30989"},{"taxonomy":"product_tag","embeddable":true,"href":"https:\/\/sigletos.gr\/it\/wp-json\/wp\/v2\/product_tag?post=30989"}],"curies":[{"name":"wp","href":"https:\/\/api.w.org\/{rel}","templated":true}]}}