{"id":33078,"date":"2022-10-20T08:55:02","date_gmt":"2022-10-20T05:55:02","guid":{"rendered":"https:\/\/sigletos.gr\/?post_type=product&#038;p=33078"},"modified":"2022-10-20T08:55:02","modified_gmt":"2022-10-20T05:55:02","slug":"%cf%80%ce%bb%ce%ac%ce%bd%ce%b7-750w","status":"publish","type":"product","link":"https:\/\/sigletos.gr\/it\/prodotto\/%cf%80%ce%bb%ce%ac%ce%bd%ce%b7-750w\/","title":{"rendered":"Pialla 750W"},"content":{"rendered":"<ul>\n<li>Coltelli pialla reversibili con rivestimento in corindone<\/li>\n<li>Quadrante di regolazione della profondit\u00e0<\/li>\n<li>Capacit\u00e0 di profondit\u00e0 massima: 2 mm<\/li>\n<li>Velocit\u00e0 a vuoto: 16.500 giri\/min<\/li>\n<li>Larghezza pialla: 82 mm<\/li>\n<\/ul>\n<p>Include<\/p>\n<ul>\n<li>Bara<\/li>\n<li>Guida al taglio<\/li>\n<li>Adattatore per aspirapolvere con sacchetto per trucioli<\/li>\n<li>2 lame TCT reversibili<\/li>\n<\/ul>","protected":false},"excerpt":{"rendered":"<p>Coltelli pialla reversibili con rivestimento in corindone Selettore di regolazione della profondit\u00e0 Capacit\u00e0 di profondit\u00e0 massima: 2 mm Velocit\u00e0 a vuoto: 16.500 giri\/min Larghezza pialla: 82 mm Include<\/p>","protected":false},"featured_media":33079,"comment_status":"closed","ping_status":"closed","template":"","meta":[],"product_brand":[],"product_cat":[844,114,611],"product_tag":[],"class_list":{"0":"post-33078","1":"product","2":"type-product","3":"status-publish","4":"has-post-thumbnail","6":"product_cat-844","7":"product_cat-114","8":"product_cat-611","9":"pa_brand-stanley","11":"first","12":"instock","13":"taxable","14":"shipping-taxable","15":"purchasable","16":"product-type-simple"},"_links":{"self":[{"href":"https:\/\/sigletos.gr\/it\/wp-json\/wp\/v2\/product\/33078","targetHints":{"allow":["GET"]}}],"collection":[{"href":"https:\/\/sigletos.gr\/it\/wp-json\/wp\/v2\/product"}],"about":[{"href":"https:\/\/sigletos.gr\/it\/wp-json\/wp\/v2\/types\/product"}],"replies":[{"embeddable":true,"href":"https:\/\/sigletos.gr\/it\/wp-json\/wp\/v2\/comments?post=33078"}],"version-history":[{"count":0,"href":"https:\/\/sigletos.gr\/it\/wp-json\/wp\/v2\/product\/33078\/revisions"}],"wp:featuredmedia":[{"embeddable":true,"href":"https:\/\/sigletos.gr\/it\/wp-json\/wp\/v2\/media\/33079"}],"wp:attachment":[{"href":"https:\/\/sigletos.gr\/it\/wp-json\/wp\/v2\/media?parent=33078"}],"wp:term":[{"taxonomy":"product_brand","embeddable":true,"href":"https:\/\/sigletos.gr\/it\/wp-json\/wp\/v2\/product_brand?post=33078"},{"taxonomy":"product_cat","embeddable":true,"href":"https:\/\/sigletos.gr\/it\/wp-json\/wp\/v2\/product_cat?post=33078"},{"taxonomy":"product_tag","embeddable":true,"href":"https:\/\/sigletos.gr\/it\/wp-json\/wp\/v2\/product_tag?post=33078"}],"curies":[{"name":"wp","href":"https:\/\/api.w.org\/{rel}","templated":true}]}}